{"id":82,"date":"2018-03-12T22:14:23","date_gmt":"2018-03-12T21:14:23","guid":{"rendered":"http:\/\/localhost\/apsam\/?page_id=82"},"modified":"2026-03-19T10:01:20","modified_gmt":"2026-03-19T09:01:20","slug":"conseil-dadministration","status":"publish","type":"page","link":"https:\/\/www.apsam.be\/?page_id=82","title":{"rendered":"Organe d&rsquo;administration"},"content":{"rendered":"<h3 style=\"text-align: center;\"><strong>Association pour la Promotion des Soci\u00e9t\u00e9s d&rsquo;Art Musical asbl<\/strong><br \/>\nOrganisation d&rsquo;\u00e9ducation permanente agr\u00e9\u00e9e n\u00b019\/223\/4 Tourn\u00e9es Art&amp;Vie : VC 240C<\/h3>\n<p>&nbsp;<\/p>\n<p>&nbsp;<\/p>\n<div class=\"gca-column one-half first\"><p><strong>Pr\u00e9sident :<\/strong><\/p>\n<div>\n<p class=\"Normal\">Monsieur Jean-Marie XHONNEUX<span class=\"C-5\"><br \/>\n<span style=\"font-family: Georgia, Palatino;\"> Obsinnich, 11<\/span><br \/>\n3791 REMERSDAEL<br \/>\nt\u00e9l: 0478\/33 19 31<br \/>\nE-mail : jeanmarie.xhonneux@gmail.com<\/span><\/p>\n<\/div>\n<p>&nbsp;<\/p>\n<p><strong>Administratreurs :<\/strong><\/p>\n<p>Madame Liliane HERZET<br \/>\nMonsieur Jean-Claude HOOFS<br \/>\nMadame B\u00e9n\u00e9dicte CHAVET<br \/>\nMonsieur Corentin EUBELEN<br \/>\nMadame Nadine MICHIELS<br \/>\nMonsieur Antonio RESTIVO<br \/>\nMonsieur Patrick SARLETTE<\/p>\n<p>&nbsp;<\/p><\/div>\n<div class=\"gca-column one-half\"><div>\n<p><strong>Secr\u00e9taire &amp;\u00a0<\/strong><strong>Engagement des \u00ab Groupes Producteurs Art et Vie \u00bb :<\/strong><\/p>\n<p>Poste vacant. Si vous d\u00e9sirez proposer vos services, merci de nous contacter \u00e0 l&rsquo;adresse <a href=\"mailto:secretariat@apsam.be\">secretariat@apsam.be<\/a><\/p>\n<\/div>\n<p>&nbsp;<\/p>\n<p>&nbsp;<\/p>\n<p><strong>Tr\u00e9sorier &amp;\u00a0<\/strong><strong>Service Assurances :<\/strong><\/p>\n<p>Monsieur Claude HARTMANN<br \/>\nAvenue Monbijou, 20<br \/>\n4960 MALMEDY<br \/>\nE-mail : chartmann190@gmail.com<\/p>\n<p>&nbsp;<\/p>\n<p><strong>Distinctions Honorifiques :<\/strong><\/p>\n<p>Monsieur Jean-No\u00ebl KOCH<br \/>\nRue Hubble, 12<br \/>\n4031 ANGLEUR<br \/>\nE-mail : jeannoelkoch@gmail.com<\/p><\/div>\n<p>&nbsp;<\/p>\n<p>&nbsp;<\/p>\n<p>&nbsp;<\/p>\n<p>&nbsp;<\/p>\n<p style=\"text-align: center;\"><img loading=\"lazy\" class=\"size-medium wp-image-255 aligncenter colorbox-82\" src=\"http:\/\/www.apsam.be\/wp-content\/uploads\/2018\/05\/stickers-envole-de-notes-de-musique-R1-196806-2-e1525351393510-300x300.png\" alt=\"\" width=\"300\" height=\"300\" srcset=\"https:\/\/www.apsam.be\/wp-content\/uploads\/2018\/05\/stickers-envole-de-notes-de-musique-R1-196806-2-e1525351393510-300x300.png 300w, https:\/\/www.apsam.be\/wp-content\/uploads\/2018\/05\/stickers-envole-de-notes-de-musique-R1-196806-2-e1525351393510-150x150.png 150w, https:\/\/www.apsam.be\/wp-content\/uploads\/2018\/05\/stickers-envole-de-notes-de-musique-R1-196806-2-e1525351393510.png 450w\" sizes=\"(max-width: 300px) 100vw, 300px\" \/><\/p>\n<p style=\"text-align: center;\"><strong>Comptes Financiers :<\/strong><br \/>\nAPSAM a.s.b.l.<br \/>\nPlace Communale, 7\/10 \u00e0 4850 MONTZEN<br \/>\nBE80-0020-2573-6377<\/p>\n<p style=\"text-align: center;\">Si\u00e8ge Social &amp; Secr\u00e9tariat : place Communale, 7\/10 \u00e0 4850 MONTZEN<\/p>\n","protected":false},"excerpt":{"rendered":"<p>Association pour la Promotion des Soci\u00e9t\u00e9s d&rsquo;Art Musical asbl Organisation d&rsquo;\u00e9ducation permanente agr\u00e9\u00e9e n\u00b019\/223\/4 Tourn\u00e9es Art&amp;Vie : VC 240C &nbsp; &nbsp; &nbsp; &nbsp; &nbsp; &nbsp; Comptes Financiers : APSAM a.s.b.l. Place Communale, 7\/10 \u00e0 4850 MONTZEN BE80-0020-2573-6377 Si\u00e8ge Social &amp; Secr\u00e9tariat : place Communale, 7\/10 \u00e0 4850 MONTZEN<\/p>\n","protected":false},"author":1,"featured_media":0,"parent":20,"menu_order":0,"comment_status":"closed","ping_status":"closed","template":"","meta":{"_exactmetrics_skip_tracking":false,"_exactmetrics_sitenote_active":false,"_exactmetrics_sitenote_note":"","_exactmetrics_sitenote_category":0},"_links":{"self":[{"href":"https:\/\/www.apsam.be\/index.php?rest_route=\/wp\/v2\/pages\/82"}],"collection":[{"href":"https:\/\/www.apsam.be\/index.php?rest_route=\/wp\/v2\/pages"}],"about":[{"href":"https:\/\/www.apsam.be\/index.php?rest_route=\/wp\/v2\/types\/page"}],"author":[{"embeddable":true,"href":"https:\/\/www.apsam.be\/index.php?rest_route=\/wp\/v2\/users\/1"}],"replies":[{"embeddable":true,"href":"https:\/\/www.apsam.be\/index.php?rest_route=%2Fwp%2Fv2%2Fcomments&post=82"}],"version-history":[{"count":22,"href":"https:\/\/www.apsam.be\/index.php?rest_route=\/wp\/v2\/pages\/82\/revisions"}],"predecessor-version":[{"id":1678,"href":"https:\/\/www.apsam.be\/index.php?rest_route=\/wp\/v2\/pages\/82\/revisions\/1678"}],"up":[{"embeddable":true,"href":"https:\/\/www.apsam.be\/index.php?rest_route=\/wp\/v2\/pages\/20"}],"wp:attachment":[{"href":"https:\/\/www.apsam.be\/index.php?rest_route=%2Fwp%2Fv2%2Fmedia&parent=82"}],"curies":[{"name":"wp","href":"https:\/\/api.w.org\/{rel}","templated":true}]}}