{"id":325,"date":"2018-09-21T13:35:27","date_gmt":"2018-09-21T11:35:27","guid":{"rendered":"http:\/\/www.apsam.be\/?page_id=325"},"modified":"2022-12-20T12:01:28","modified_gmt":"2022-12-20T11:01:28","slug":"ensembles-instrumentaux","status":"publish","type":"page","link":"https:\/\/www.apsam.be\/?page_id=325","title":{"rendered":"Ensembles instrumentaux"},"content":{"rendered":"<pre><em><span style=\"font-family: Verdana, Geneva;\"><strong>Cercle Royal des Mandolinistes de Malmedy<\/strong>\r\nLocalit\u00e9 : Malmedy\r\n<\/span><\/em><em><span style=\"font-family: Verdana, Geneva;\"><a href=\"https:\/\/www.mandoline.be\">Site internet<\/a>\r\n<a href=\"https:\/\/www.facebook.com\/mandolinistes.malmedy\">Page Facebook<\/a>\r\nAdresse e-mail : info@mandoline.be\r\nR\u00e9f\u00e9rence Tourn\u00e9es Art &amp; Vie : 7043\r\n\r\n<\/span><span style=\"font-family: Verdana, Geneva;\"><strong>East Belgian Brass<\/strong>\r\nLocalit\u00e9 : Plombi\u00e8res\r\n<a href=\"http:\/\/www.eastbelgianbrass.be\/\">Site internet<\/a>\r\n\r\n<\/span><\/em><strong><span style=\"font-family: Verdana, Geneva;\">Brass Band Echo des Charmilles d'Xhoffraix<\/span>\r\n<\/strong><em><span style=\"font-family: Verdana, Geneva;\">Localit\u00e9 : Xhoffraix\r\n<a href=\"http:\/\/www.bbxx.be\">Site internet<\/a>\r\n<a href=\"https:\/\/www.facebook.com\/pages\/category\/Organization\/Brass-Band-de-Xhoffraix-1757756104477708\/\">Page Facebook<\/a>\r\nAdresse e-mail : info@bbxx.be\r\nR\u00e9f\u00e9rence Tourn\u00e9es Art &amp; Vie : 9460\r\n\r\n<\/span><\/em><strong><span style=\"font-family: Verdana, Geneva;\">Ensemble instrumental waremmien<\/span>\r\n<\/strong><em><span style=\"font-family: Verdana, Geneva;\">Localit\u00e9 : Waremme\r\n<a href=\"https:\/\/www.eiw.be\/\">Site internet<\/a>\r\n<a href=\"https:\/\/www.facebook.com\/Ensemble.Instrumental.Waremmien\/\">Page Facebook<\/a>\r\nAdresse e-mail\u00a0: info@eiw.be\r\n\r\n<\/span><\/em>\r\n<strong><span style=\"font-family: Verdana, Geneva;\">Fanfare Royale \"L'Echo de la Warche\" de Malmedy<\/span>\r\n<\/strong><em><span style=\"font-family: Verdana, Geneva;\">Localit\u00e9 : Malmedy\r\n<a href=\"http:\/\/users.skynet.be\/echodelawarche\/pages\/3.html\">Site internet<\/a>\r\n<a href=\"https:\/\/m.facebook.com\/royaleechowarche\/about\/?mt_nav=1\">Page Facebook<\/a>\r\nAdresse e-mail : echodelawarche@hotmail.fr\r\n\r\n<\/span><\/em><strong><span style=\"font-family: Verdana, Geneva;\">Harmonie Royale Saint-Martin<\/span>\r\n<\/strong><em><span style=\"font-family: Verdana, Geneva;\">Localit\u00e9 : Fourons-Saint-Martin\r\n<a href=\"http:\/\/www.hrsm.be\/\">Site internet<\/a>\r\n<a href=\"https:\/\/www.facebook.com\/hrsmfourons\/\">Page Facebook<\/a>\r\nAdresse e-mail : info@hrsm.be\r\nR\u00e9f\u00e9rence Tourn\u00e9es Art &amp; Vie : 2619\r\n\r\n<\/span><\/em><strong><span style=\"font-family: Verdana, Geneva;\">Ensemble Jean-Christophe DENNER<\/span>\r\n<\/strong><em><span style=\"font-family: Verdana, Geneva;\">Localit\u00e9: Gemmenich\r\n<\/span><\/em>\r\n<strong><span style=\"font-family: Verdana, Geneva;\">Harmonie Sainte Genevi\u00e8ve de Remersdael<\/span>\r\n<\/strong><em><span style=\"font-family: Verdana, Geneva;\">Localit\u00e9 : Remersdael\r\n<a href=\"http:\/\/www.remersdael.be\/Rimbievaux\/Harmonie\/harmonie.htm\">Site internet<\/a>\r\n<a href=\"https:\/\/www.facebook.com\/groups\/117570988317305\/?fref=nf\">Page Facebook<\/a>\r\n\r\n<\/span><\/em><strong><span style=\"font-family: Verdana, Geneva;\">Royale Harmonie \"Les Echos de la Berwinne\"<\/span>\r\n<\/strong><em><span style=\"font-family: Verdana, Geneva;\">Localit\u00e9 : Aubel\r\n<a href=\"http:\/\/www.harmonieaubel.be\/\">Site internet<\/a>\r\n<a href=\"https:\/\/www.facebook.com\/echosberwinne\/\">Page Facebook<\/a>\r\nAdresse e-mail : harmonieaubel@skynet.be\r\nR\u00e9f\u00e9rence Tourn\u00e9es Art &amp; Vie : 6882 &amp; 2725\r\n\r\n<\/span><\/em><strong><span style=\"font-family: Verdana, Geneva;\">Orchestre Royal Pro Musica de Welkenraedt<\/span>\r\n<\/strong><em><span style=\"font-family: Verdana, Geneva;\">Localit\u00e9 : Welkenraedt\r\n\r\n<\/span><\/em><strong><span style=\"font-family: Verdana, Geneva;\">Royale Brass Band Echo des Montagnes de Thirimont<\/span>\r\n<\/strong><em><span style=\"font-family: Verdana, Geneva;\">Localit\u00e9: Thirimont\r\n<a href=\"https:\/\/www.facebook.com\/brassbandthirimont\/\">Page Facebook<\/a>\r\nAdresse e-mail : brassbandthirimont@hotmail.com\r\n\r\n<\/span><\/em><strong><span style=\"font-family: Verdana, Geneva;\">Royal Cercle Musical Saint Georges de Montzen<\/span>\r\n<\/strong><em><span style=\"font-family: Verdana, Geneva;\">Localit\u00e9 : Montzen\r\n<a href=\"https:\/\/www.facebook.com\/RoyalCercleMusicalSaintGeorgesMontzen\/\">Page Facebook<\/a>\r\n\r\n<\/span><\/em><strong><span style=\"font-family: Verdana, Geneva;\">Royale Amicale des Accord\u00e9onistes Dolhaintois<\/span>\r\n<\/strong><em><span style=\"font-family: Verdana, Geneva;\">Localit\u00e9 : Dolhain\r\n<a href=\"https:\/\/www.facebook.com\/pages\/category\/Personal-Blog\/Accordeonistes-Dolhaintois-Royale-Amicale-517573748578638\/\">Page Facebook<\/a>\r\nAdresse e-mail : accordeonistes.dolhaintois@gmail.com\r\n\r\n<\/span><\/em><strong><span style=\"font-family: Verdana, Geneva;\">Royale Fanfare St-Lambert de Sippenaeken<\/span>\r\n<\/strong><em><span style=\"font-family: Verdana, Geneva;\">Localit\u00e9 : Sippenaeken\r\n\r\n<\/span><\/em><strong><span style=\"font-family: Verdana, Geneva;\">Royale Fanfare d'Orph\u00e9e de Stavelot<\/span>\r\n<\/strong><em><span style=\"font-family: Verdana, Geneva;\">Localit\u00e9 : Stavelot\r\n<a href=\"http:\/\/www.orphee-stavelot.be\/\">Site internet<\/a>\r\n<a href=\"https:\/\/www.facebook.com\/OrpheeStavelot\/\">Page Facebook<\/a>\r\nR\u00e9f\u00e9rence Tourn\u00e9es Art &amp; Vie : 7581\r\n\r\n<\/span><\/em><strong><span style=\"font-family: Verdana, Geneva;\">Royale Harmonie \"Echo de la Fagne\" d'Ovifat<\/span>\r\n<\/strong><em><span style=\"font-family: Verdana, Geneva;\">Localit\u00e9: Ovifat\r\n\r\n<\/span><\/em><strong><span style=\"font-family: Verdana, Geneva;\">Royale Harmonie \"Echo de la Wallonie\" de Faymonville<\/span>\r\n<\/strong><em><span style=\"font-family: Verdana, Geneva;\">Localit\u00e9 : Faymonville\r\n<a href=\"https:\/\/www.facebook.com\/harmoniefaymonville\/\">Page Facebook<\/a>\r\nAdresse e-mail : echowallonie@gmail.com\r\n\r\n<\/span><\/em><strong><span style=\"font-family: Verdana, Geneva;\">Royale Harmonie \"L'Union Musicale\" de Hombourg<\/span>\r\n<\/strong><em><span style=\"font-family: Verdana, Geneva;\">Localit\u00e9 : Hombourg\r\n<a href=\"http:\/\/rhum-hombourg.be\/\">Site internet<\/a>\r\nAdresse e-mail : info@rhum-hombourg.be\r\n\r\n<\/span><\/em><strong><span style=\"font-family: Verdana, Geneva;\">Royale Harmonie \"L'Avenir\" de Liers<\/span>\r\n<\/strong><em><span style=\"font-family: Verdana, Geneva;\">Localit\u00e9 : Liers\r\n<a href=\"https:\/\/harmonie-liers.imingo.net\/\">Site internet<\/a>\r\n<a href=\"https:\/\/www.facebook.com\/harmoniedeliers?__tn__=%2CdC-R-R&amp;eid=ARDA-tI6RYIQV4pB_zeMFVnoewJ_s43H_wZ61MDsxYssX4oXjomM14X7lwFK6_JnuOYqrXxgpkcTNiu0&amp;hc_ref=ARTZq03u3sLtOBYh7Jj2ZoljNElAsovqyCnP3VQDiAm67VTKatDSqm37Hs7BSgKzNuo&amp;fref=nf\">Page Facebook<\/a>\r\nAdresse e-mail : royaleharmoniedeliers@gmail.com\r\n\r\n<\/span><\/em><strong><span style=\"font-family: Verdana, Geneva;\">Harmonie \"La Royale Fraternelle\" de Bellevaux<\/span>\r\n<\/strong><em><span style=\"font-family: Verdana, Geneva;\">Localit\u00e9 : Bellevaux\r\n<a href=\"https:\/\/www.facebook.com\/harmoniebellevaux\/\">Page Facebook<\/a>\r\n\r\n<\/span><\/em><strong><span style=\"font-family: Verdana, Geneva;\">Royale Harmonie Sainte-C\u00e9cile de Gemmenich<\/span>\r\n<\/strong><em><span style=\"font-family: Verdana, Geneva;\">Localit\u00e9 : Gemmenich\r\n<a href=\"http:\/\/royale-harmonie-sainte-cecile-gemmenich.be\/\">Site internet<\/a>\r\n<a href=\"https:\/\/www.facebook.com\/groups\/441245162732945\/?hc_ref=ARRlLa5TcKTwg7ZA7gDZPkgcMK-L2vsTXRO8F5TLguH2utk-hm3q9Nzuk_MhQgABfcU\">Page Facebook<\/a>\r\n\r\n<\/span><\/em><strong><span style=\"font-family: Verdana, Geneva;\">Royale Harmonie Sainte-C\u00e9cile de Montzen<\/span>\r\n<\/strong><em><span style=\"font-family: Verdana, Geneva;\">Localit\u00e9 : Montzen\r\n<a href=\"http:\/\/rhc-montzen.be\/\">Site internet<\/a>\r\nR\u00e9f\u00e9rence Tourn\u00e9es Art &amp; Vie : 2661\r\n\r\n<\/span><\/em><strong><span style=\"font-family: Verdana, Geneva;\">Royale Harmonie Saint-Joseph de Hombourg<\/span>\r\n<\/strong><em><span style=\"font-family: Verdana, Geneva;\">Localit\u00e9 : Hombourg\r\n<a href=\"http:\/\/www.hombourg.be\/harmoniestjoseph.html\">Site internet<\/a>\r\n\r\n<\/span><\/em><strong><span style=\"font-family: Verdana, Geneva;\">Soci\u00e9t\u00e9 Royale \"Les Fanfares de Baelen\"<\/span>\r\n<\/strong><em><span style=\"font-family: Verdana, Geneva;\">Localit\u00e9 : Baelen\r\n<a href=\"https:\/\/www.facebook.com\/FanfaresdeBaelen\/\">Page Facebook<\/a>\r\nAdresse e-mail : lesfanfaresdebaelen@outlook.be\r\n\r\n<\/span><\/em><span style=\"font-family: Verdana, Geneva;\"><strong>Soci\u00e9t\u00e9 Royale \"L'Harmonie\" de Gemmenich<\/strong><\/span>\r\n<em><span style=\"font-family: Verdana, Geneva;\">Localit\u00e9 : Gemmenich\r\n<a href=\"http:\/\/www.harmoniegemmenich.be\/\">Site internet<\/a>\r\nAdresse e-mail : president@harmoniegemmenich.be\r\nR\u00e9f\u00e9rence Tourn\u00e9es Art &amp; Vie : 2609\r\n\r\n<\/span><\/em><span style=\"font-family: Verdana, Geneva;\"><strong>Soci\u00e9t\u00e9 Royale d'Harmonie de Moresnet<\/strong><\/span>\r\n<em><span style=\"font-family: Verdana, Geneva;\">Localit\u00e9 : Moresnet\r\n<a href=\"https:\/\/www.harmoniemoresnet.com\/\">Site internet<\/a>\r\n<a href=\"https:\/\/www.facebook.com\/harmoniemoresnet\/?__tn__=kC-R&amp;eid=ARBmJUDZw15tvJ0PBJwAxnMgIWB3rFNuju3ch4ltfW5lMbRWzU-PH1fRMqhiP5kkO_n_99cVFsIW1xrL&amp;hc_ref=ARQaDmyqwi59b4k5tsdO4Gz0oiY8TfJwaixOIiPXcyWRmWxOvyHplKmmhZ9CRFtNApE&amp;__xts__[0]=68.ARCsh3tYPm4ZTFDhXWo0Dwsqs6CZ4Z1bCi_fb1SXXx9llFkEZl_3bKSuzhd7Oz6fq8cyXGiTd4kTGI2ZyjndEk-LNIi2XaWQHK4n9ogl1tmKzcNnlQs9IyuLHjqFjYKXRrw99m1zf6gq6rcSXGCQVtSgPvDfULYQzIVab2ZQJN7yv3yHx2ur7--evbg7fq3tPtXOk_YYwcmozMuiL7OmX2OrPZy1C8zVCrWDFLnuU0Wv5vodqyKKG_fOmWoacIJNJDouZS8arG8ben1Uxixv1xBmjqnkSROLljVxQrH_9YO6vlBLz4y6KhaQxhgg92hASRM\">Page Facebook<\/a>\r\nR\u00e9f\u00e9rence Tourn\u00e9es Art &amp; Vie : 2591\r\n<\/span><\/em>\r\n<span style=\"font-family: Verdana, Geneva;\"><strong>Clique de la Royale Garde Saint-Jean de Herve\r\n<\/strong><\/span><em><span style=\"font-family: Verdana, Geneva;\">Localit\u00e9 : Herve\r\n<a href=\"https:\/\/cliquergsj.be\/\">Site internet<\/a>\r\n<a href=\"https:\/\/www.facebook.com\/CliqueRGSJ\">Page Facebook<\/a>\r\n<\/span><\/em><span style=\"font-family: Verdana, Geneva;\">Adresse e-mail : info@cliquergsj.be\r\n\r\n<strong>Royale Harmonie Teuven\r\n<\/strong><em>Localit\u00e9 : Teuven\r\n<a href=\"https:\/\/www.facebook.com\/profile.php?id=100075795382089\">Page Facebook<\/a>\r\n<\/em><strong>\r\nCome up Brass Quintet<\/strong><em>\r\nLocalit\u00e9 : Li\u00e8ge<\/em>\r\n<a href=\"https:\/\/www.facebook.com\/comeupbrass\"><em>Page Facebook<\/em><\/a>\r\n<strong>\r\nDivers :<\/strong> \r\nSite internet pour les Harmonies : <a href=\"http:\/\/www.maisondesharmonies.be\/\" target=\"_blank\" rel=\"noopener\" data-saferedirecturl=\"https:\/\/www.google.com\/url?q=http:\/\/www.maisondesharmonies.be&amp;source=gmail&amp;ust=1665476066023000&amp;usg=AOvVaw2L2im0-G5EEr38GuvmgqLq\">www.maisondesharmonies.be<\/a><\/span><\/pre>\n","protected":false},"excerpt":{"rendered":"<p>Cercle Royal des Mandolinistes de Malmedy Localit\u00e9 : Malmedy Site internet Page Facebook Adresse e-mail : info@mandoline.be R\u00e9f\u00e9rence Tourn\u00e9es Art &amp; Vie : 7043 East Belgian Brass Localit\u00e9 : Plombi\u00e8res Site internet Brass Band Echo des Charmilles d&rsquo;Xhoffraix Localit\u00e9 : Xhoffraix Site internet Page Facebook Adresse e-mail : info@bbxx.be R\u00e9f\u00e9rence Tourn\u00e9es Art &amp; Vie : &#8230; <a title=\"Ensembles instrumentaux\" class=\"read-more\" href=\"https:\/\/www.apsam.be\/?page_id=325\" aria-label=\"En savoir plus sur Ensembles instrumentaux\">Lire la suite<\/a><\/p>\n","protected":false},"author":2,"featured_media":0,"parent":151,"menu_order":0,"comment_status":"closed","ping_status":"closed","template":"","meta":{"_exactmetrics_skip_tracking":false,"_exactmetrics_sitenote_active":false,"_exactmetrics_sitenote_note":"","_exactmetrics_sitenote_category":0},"_links":{"self":[{"href":"https:\/\/www.apsam.be\/index.php?rest_route=\/wp\/v2\/pages\/325"}],"collection":[{"href":"https:\/\/www.apsam.be\/index.php?rest_route=\/wp\/v2\/pages"}],"about":[{"href":"https:\/\/www.apsam.be\/index.php?rest_route=\/wp\/v2\/types\/page"}],"author":[{"embeddable":true,"href":"https:\/\/www.apsam.be\/index.php?rest_route=\/wp\/v2\/users\/2"}],"replies":[{"embeddable":true,"href":"https:\/\/www.apsam.be\/index.php?rest_route=%2Fwp%2Fv2%2Fcomments&post=325"}],"version-history":[{"count":17,"href":"https:\/\/www.apsam.be\/index.php?rest_route=\/wp\/v2\/pages\/325\/revisions"}],"predecessor-version":[{"id":1055,"href":"https:\/\/www.apsam.be\/index.php?rest_route=\/wp\/v2\/pages\/325\/revisions\/1055"}],"up":[{"embeddable":true,"href":"https:\/\/www.apsam.be\/index.php?rest_route=\/wp\/v2\/pages\/151"}],"wp:attachment":[{"href":"https:\/\/www.apsam.be\/index.php?rest_route=%2Fwp%2Fv2%2Fmedia&parent=325"}],"curies":[{"name":"wp","href":"https:\/\/api.w.org\/{rel}","templated":true}]}}