{"id":21,"date":"2018-03-03T11:53:54","date_gmt":"2018-03-03T10:53:54","guid":{"rendered":"http:\/\/localhost\/apsam\/?page_id=11"},"modified":"2022-09-25T10:21:12","modified_gmt":"2022-09-25T08:21:12","slug":"contact","status":"publish","type":"page","link":"https:\/\/www.apsam.be\/?page_id=21","title":{"rendered":"Contact"},"content":{"rendered":"<p>Tout renseignement peut \u00eatre obtenu au secr\u00e9tariat :<\/p>\n<p>Place communale, 7 boite 10<br \/>\n4850 MONTZEN<br \/>\nT\u00e9l &amp; fax : 087\/65 69 62 (r\u00e9pondeur t\u00e9l\u00e9phonique)<br \/>\nE- mail : secretariat@apsam.be<\/p>\n","protected":false},"excerpt":{"rendered":"<p>Tout renseignement peut \u00eatre obtenu au secr\u00e9tariat : Place communale, 7 boite 10 4850 MONTZEN T\u00e9l &amp; fax : 087\/65 69 62 (r\u00e9pondeur t\u00e9l\u00e9phonique) E- mail : secretariat@apsam.be<\/p>\n","protected":false},"author":1,"featured_media":0,"parent":0,"menu_order":0,"comment_status":"closed","ping_status":"closed","template":"","meta":{"_exactmetrics_skip_tracking":false,"_exactmetrics_sitenote_active":false,"_exactmetrics_sitenote_note":"","_exactmetrics_sitenote_category":0},"_links":{"self":[{"href":"https:\/\/www.apsam.be\/index.php?rest_route=\/wp\/v2\/pages\/21"}],"collection":[{"href":"https:\/\/www.apsam.be\/index.php?rest_route=\/wp\/v2\/pages"}],"about":[{"href":"https:\/\/www.apsam.be\/index.php?rest_route=\/wp\/v2\/types\/page"}],"author":[{"embeddable":true,"href":"https:\/\/www.apsam.be\/index.php?rest_route=\/wp\/v2\/users\/1"}],"replies":[{"embeddable":true,"href":"https:\/\/www.apsam.be\/index.php?rest_route=%2Fwp%2Fv2%2Fcomments&post=21"}],"version-history":[{"count":3,"href":"https:\/\/www.apsam.be\/index.php?rest_route=\/wp\/v2\/pages\/21\/revisions"}],"predecessor-version":[{"id":1007,"href":"https:\/\/www.apsam.be\/index.php?rest_route=\/wp\/v2\/pages\/21\/revisions\/1007"}],"wp:attachment":[{"href":"https:\/\/www.apsam.be\/index.php?rest_route=%2Fwp%2Fv2%2Fmedia&parent=21"}],"curies":[{"name":"wp","href":"https:\/\/api.w.org\/{rel}","templated":true}]}}