{"id":20,"date":"2018-03-03T11:53:54","date_gmt":"2018-03-03T10:53:54","guid":{"rendered":"http:\/\/localhost\/apsam\/?page_id=10"},"modified":"2018-04-23T19:54:36","modified_gmt":"2018-04-23T17:54:36","slug":"aujourdhui","status":"publish","type":"page","link":"https:\/\/www.apsam.be\/?page_id=20","title":{"rendered":"Aujourd&rsquo;hui"},"content":{"rendered":"<p>L&rsquo; asbl APSAM est une F\u00e9d\u00e9ration musicale qui regroupe des soci\u00e9t\u00e9s musicales de type amateur. Elle est reconnue comme une \u00ab\u00a0organisation r\u00e9gionale d&rsquo;\u00e9ducation permanente\u00a0\u00bb agr\u00e9\u00e9e par la \u00a0\u00bb Direction G\u00e9n\u00e9rale de la-Culture\u00a0\u00bb du Minist\u00e8re de la Culture et de la Communication de la Communaut\u00e9 fran\u00e7aise de Belgique sous le num\u00e9ro : 19\/223\/4, ainsi que par la Province de Li\u00e8ge.<br \/>\nElle d\u00e9ploie ses activit\u00e9s principalement en Province de Li\u00e8ge, et dans certaines communes limitrophes.<br \/>\nL&rsquo;action de l\u2019APSAM se situe uniquement sur le plan culturel.<\/p>\n<p>Elle a pour objectifs :<br \/>\n&#8211; Cr\u00e9er des liens \u00e9troits et amicaux entre les soci\u00e9t\u00e9s musicales, leurs responsables et les membres, en vue de promouvoir les \u00e9changes culturels<br \/>\n&#8211; Am\u00e9liorer les prestations des ensembles instrumentaux et vocaux en organisant chaque ann\u00e9e des stages de formation pour les chefs et les musiciens.<br \/>\n&#8211; D\u00e9fendre partout les int\u00e9r\u00eats des soci\u00e9t\u00e9s musicales et faire aboutir leurs revendications l\u00e9gitimes en mati\u00e8re de subventions officielles.<\/p>\n<p>&nbsp;<\/p>\n<p>SUR LE PLAN COMMUNAUTAIRE FRANCOPHONE<\/p>\n<p>L\u2019APSAM a \u00e9t\u00e9 \u00e0 la base de la cr\u00e9ation, en juin 1981, de la premi\u00e8re conf\u00e9d\u00e9ration musicale de la Communaut\u00e9&rsquo; fran\u00e7aise de la Belgique : l&rsquo;Association Musicale Interf\u00e9d\u00e9rale ( AMI.). Namur en devint le si\u00e8ge. Elle groupait la \u00ab\u00a0F\u00e9d\u00e9ration Musicale du HAINAUT\u00a0\u00bb, la \u00ab\u00a0F\u00e9d\u00e9ration Musicale de NAMUR et LUXEMBOURG, ainsi que l\u2019APSAM de la Province de Li\u00e8ge. Elle repr\u00e9sentait plus; de 85% des instrumentistes et choristes de la Wallonie. Le Commandant Simon POULAIN, Directeur honoraire de la Musique des Guides, la pr\u00e9sida avec beaucoup de comp\u00e9tence et de fermet\u00e9<br \/>\nGr\u00e2ce aux efforts d\u00e9ploy\u00e9s par l\u2019AMI, second\u00e9e efficacement par les repr\u00e9sentants du Minist\u00e8re de la Culture, une nouvelle conf\u00e9d\u00e9ration fut fond\u00e9e le 25 juin 1991 : l\u2019USM (Union des Soci\u00e9t\u00e9s Musicales) de la Communaut\u00e9 fran\u00e7aise de Belgique. Celle-ci comprend depuis lors l&rsquo;ensemble des f\u00e9d\u00e9rations musicales de la partie francophone du pays, c\u2019est -\u00e0-dire les six, organismes f\u00e9d\u00e9raux existants.<\/p>\n<p>&nbsp;<\/p>\n<p>SUR LE PLAN INTERNATIONAL<\/p>\n<p>En 1980, l\u2019APSAM participa activement \u00e0 la fondation de l\u2019UMI (Union Musicale Inter-r\u00e9gionale) dont le si\u00e8ge a \u00e9t\u00e9 \u00e9tabli \u00e0 Luxembourg &#8211; Grund et \u00e0 laquelle ont adh\u00e9r\u00e9 une vingtaine de f\u00e9d\u00e9rations musicales d&rsquo;Allemagne, de Belgique, de France et du Grand-Duch\u00e9 de Luxembourg.<\/p>\n<p>&nbsp;<\/p>\n","protected":false},"excerpt":{"rendered":"<p>L&rsquo; asbl APSAM est une F\u00e9d\u00e9ration musicale qui regroupe des soci\u00e9t\u00e9s musicales de type amateur. Elle est reconnue comme une \u00ab\u00a0organisation r\u00e9gionale d&rsquo;\u00e9ducation permanente\u00a0\u00bb agr\u00e9\u00e9e par la \u00a0\u00bb Direction G\u00e9n\u00e9rale de la-Culture\u00a0\u00bb du Minist\u00e8re de la Culture et de la Communication de la Communaut\u00e9 fran\u00e7aise de Belgique sous le num\u00e9ro : 19\/223\/4, ainsi que par &#8230; <a title=\"Aujourd&rsquo;hui\" class=\"read-more\" href=\"https:\/\/www.apsam.be\/?page_id=20\" aria-label=\"En savoir plus sur Aujourd&rsquo;hui\">Lire la suite<\/a><\/p>\n","protected":false},"author":1,"featured_media":0,"parent":0,"menu_order":0,"comment_status":"closed","ping_status":"closed","template":"","meta":{"_exactmetrics_skip_tracking":false,"_exactmetrics_sitenote_active":false,"_exactmetrics_sitenote_note":"","_exactmetrics_sitenote_category":0},"_links":{"self":[{"href":"https:\/\/www.apsam.be\/index.php?rest_route=\/wp\/v2\/pages\/20"}],"collection":[{"href":"https:\/\/www.apsam.be\/index.php?rest_route=\/wp\/v2\/pages"}],"about":[{"href":"https:\/\/www.apsam.be\/index.php?rest_route=\/wp\/v2\/types\/page"}],"author":[{"embeddable":true,"href":"https:\/\/www.apsam.be\/index.php?rest_route=\/wp\/v2\/users\/1"}],"replies":[{"embeddable":true,"href":"https:\/\/www.apsam.be\/index.php?rest_route=%2Fwp%2Fv2%2Fcomments&post=20"}],"version-history":[{"count":2,"href":"https:\/\/www.apsam.be\/index.php?rest_route=\/wp\/v2\/pages\/20\/revisions"}],"predecessor-version":[{"id":214,"href":"https:\/\/www.apsam.be\/index.php?rest_route=\/wp\/v2\/pages\/20\/revisions\/214"}],"wp:attachment":[{"href":"https:\/\/www.apsam.be\/index.php?rest_route=%2Fwp%2Fv2%2Fmedia&parent=20"}],"curies":[{"name":"wp","href":"https:\/\/api.w.org\/{rel}","templated":true}]}}