{"id":134,"date":"2018-03-17T16:17:26","date_gmt":"2018-03-17T15:17:26","guid":{"rendered":"http:\/\/localhost\/apsam\/?page_id=134"},"modified":"2018-04-23T20:07:19","modified_gmt":"2018-04-23T18:07:19","slug":"assurances","status":"publish","type":"page","link":"https:\/\/www.apsam.be\/?page_id=134","title":{"rendered":"Assurances"},"content":{"rendered":"<p>L\u2019APSAM propose la souscription \u00e0 une assurance globale des membres effectifs en \u00ab\u00a0Responsabilit\u00e9 Civile \u00e0 l\u2019\u00e9gard des Tiers\u00a0\u00bb et contre les accidents corporels.<\/p>\n<p>La prime annuelle en est r\u00e9ellement modique, pour le moment 3,00 \u20ac par personne (non nominative).<\/p>\n<p>Le service \u00ab\u00a0ASSURANCES\u00a0\u00bb de l\u2019APSAM est \u00e0 la disposition des affili\u00e9s pour les d\u00e9tails de la couverture.<\/p>\n<p><a href=\"http:\/\/www.apsam.be\/wp-content\/uploads\/2018\/04\/conditions-generales-assurance-ETHIAS-APSAM.pdf\">Conditions g\u00e9n\u00e9rales<\/a><\/p>\n<p><a href=\"http:\/\/www.apsam.be\/wp-content\/uploads\/2018\/04\/conditions-speciales-assurance-SMAP-APSAM.pdf\">Conditions sp\u00e9ciales<\/a><\/p>\n<p><a href=\"http:\/\/www.apsam.be\/wp-content\/uploads\/2018\/04\/Declaration_Accident_2018.pdf\">D\u00e9claration d&rsquo;accident corporel<\/a><\/p>\n<p><a href=\"http:\/\/www.apsam.be\/wp-content\/uploads\/2018\/04\/Declaration-assurance-tous-risques-2018.pdf\">D\u00e9claration de sinistre<\/a><\/p>\n<p>&nbsp;<\/p>\n","protected":false},"excerpt":{"rendered":"<p>L\u2019APSAM propose la souscription \u00e0 une assurance globale des membres effectifs en \u00ab\u00a0Responsabilit\u00e9 Civile \u00e0 l\u2019\u00e9gard des Tiers\u00a0\u00bb et contre les accidents corporels. La prime annuelle en est r\u00e9ellement modique, pour le moment 3,00 \u20ac par personne (non nominative). Le service \u00ab\u00a0ASSURANCES\u00a0\u00bb de l\u2019APSAM est \u00e0 la disposition des affili\u00e9s pour les d\u00e9tails de la &#8230; <a title=\"Assurances\" class=\"read-more\" href=\"https:\/\/www.apsam.be\/?page_id=134\" aria-label=\"En savoir plus sur Assurances\">Lire la suite<\/a><\/p>\n","protected":false},"author":1,"featured_media":0,"parent":107,"menu_order":0,"comment_status":"closed","ping_status":"closed","template":"","meta":{"_exactmetrics_skip_tracking":false,"_exactmetrics_sitenote_active":false,"_exactmetrics_sitenote_note":"","_exactmetrics_sitenote_category":0},"_links":{"self":[{"href":"https:\/\/www.apsam.be\/index.php?rest_route=\/wp\/v2\/pages\/134"}],"collection":[{"href":"https:\/\/www.apsam.be\/index.php?rest_route=\/wp\/v2\/pages"}],"about":[{"href":"https:\/\/www.apsam.be\/index.php?rest_route=\/wp\/v2\/types\/page"}],"author":[{"embeddable":true,"href":"https:\/\/www.apsam.be\/index.php?rest_route=\/wp\/v2\/users\/1"}],"replies":[{"embeddable":true,"href":"https:\/\/www.apsam.be\/index.php?rest_route=%2Fwp%2Fv2%2Fcomments&post=134"}],"version-history":[{"count":2,"href":"https:\/\/www.apsam.be\/index.php?rest_route=\/wp\/v2\/pages\/134\/revisions"}],"predecessor-version":[{"id":240,"href":"https:\/\/www.apsam.be\/index.php?rest_route=\/wp\/v2\/pages\/134\/revisions\/240"}],"up":[{"embeddable":true,"href":"https:\/\/www.apsam.be\/index.php?rest_route=\/wp\/v2\/pages\/107"}],"wp:attachment":[{"href":"https:\/\/www.apsam.be\/index.php?rest_route=%2Fwp%2Fv2%2Fmedia&parent=134"}],"curies":[{"name":"wp","href":"https:\/\/api.w.org\/{rel}","templated":true}]}}