{"id":132,"date":"2018-03-17T16:08:06","date_gmt":"2018-03-17T15:08:06","guid":{"rendered":"http:\/\/localhost\/apsam\/?page_id=132"},"modified":"2026-02-24T12:40:03","modified_gmt":"2026-02-24T11:40:03","slug":"affiliation","status":"publish","type":"page","link":"https:\/\/www.apsam.be\/?page_id=132","title":{"rendered":"Affiliation"},"content":{"rendered":"<p>Comment adh\u00e9rer \u00e0 l\u2019APSAM ?<\/p>\n<p>Les modalit\u00e9s relatives \u00e0 l\u2019affiliation d\u2019une soci\u00e9t\u00e9 musicale se r\u00e9sument \u00e0 ce qui suit :<\/p>\n<p>a) Renvoyer le formulaire d\u2019inscription d\u00fbment compl\u00e9t\u00e9 au secr\u00e9tariat de l\u2019ASPAM.<br \/>\nb) Payer la premi\u00e8re cotisation, 1\u20ac par membre avec un minimum de 30 \u20ac et maximum de 60 \u20ac qui est le droit d\u2019affiliation.<\/p>\n<p>Tout renseignement compl\u00e9mentaire peut \u00eatre obtenu au secr\u00e9tariat<\/p>\n<p>Place communale, 7 boite 10<br \/>\n4850 MONTZEN<br \/>\nT\u00e9l\/fax : 087\/62 65 69<br \/>\nE-mail : secretariat@apsam.be<br \/>\nCompte : BE80-0020-2573-6377<\/p>\n","protected":false},"excerpt":{"rendered":"<p>Comment adh\u00e9rer \u00e0 l\u2019APSAM ? Les modalit\u00e9s relatives \u00e0 l\u2019affiliation d\u2019une soci\u00e9t\u00e9 musicale se r\u00e9sument \u00e0 ce qui suit : a) Renvoyer le formulaire d\u2019inscription d\u00fbment compl\u00e9t\u00e9 au secr\u00e9tariat de l\u2019ASPAM. b) Payer la premi\u00e8re cotisation, 1\u20ac par membre avec un minimum de 30 \u20ac et maximum de 60 \u20ac qui est le droit d\u2019affiliation. &#8230; <a title=\"Affiliation\" class=\"read-more\" href=\"https:\/\/www.apsam.be\/?page_id=132\" aria-label=\"En savoir plus sur Affiliation\">Lire la suite<\/a><\/p>\n","protected":false},"author":1,"featured_media":0,"parent":107,"menu_order":0,"comment_status":"closed","ping_status":"closed","template":"","meta":{"_exactmetrics_skip_tracking":false,"_exactmetrics_sitenote_active":false,"_exactmetrics_sitenote_note":"","_exactmetrics_sitenote_category":0},"_links":{"self":[{"href":"https:\/\/www.apsam.be\/index.php?rest_route=\/wp\/v2\/pages\/132"}],"collection":[{"href":"https:\/\/www.apsam.be\/index.php?rest_route=\/wp\/v2\/pages"}],"about":[{"href":"https:\/\/www.apsam.be\/index.php?rest_route=\/wp\/v2\/types\/page"}],"author":[{"embeddable":true,"href":"https:\/\/www.apsam.be\/index.php?rest_route=\/wp\/v2\/users\/1"}],"replies":[{"embeddable":true,"href":"https:\/\/www.apsam.be\/index.php?rest_route=%2Fwp%2Fv2%2Fcomments&post=132"}],"version-history":[{"count":1,"href":"https:\/\/www.apsam.be\/index.php?rest_route=\/wp\/v2\/pages\/132\/revisions"}],"predecessor-version":[{"id":1676,"href":"https:\/\/www.apsam.be\/index.php?rest_route=\/wp\/v2\/pages\/132\/revisions\/1676"}],"up":[{"embeddable":true,"href":"https:\/\/www.apsam.be\/index.php?rest_route=\/wp\/v2\/pages\/107"}],"wp:attachment":[{"href":"https:\/\/www.apsam.be\/index.php?rest_route=%2Fwp%2Fv2%2Fmedia&parent=132"}],"curies":[{"name":"wp","href":"https:\/\/api.w.org\/{rel}","templated":true}]}}