{"id":107,"date":"2018-03-17T15:05:27","date_gmt":"2018-03-17T14:05:27","guid":{"rendered":"http:\/\/localhost\/apsam\/?page_id=107"},"modified":"2019-09-08T14:09:58","modified_gmt":"2019-09-08T12:09:58","slug":"services","status":"publish","type":"page","link":"https:\/\/www.apsam.be\/?page_id=107","title":{"rendered":"Services"},"content":{"rendered":"<p>1. Les soci\u00e9t\u00e9s musicales affili\u00e9es \u00e0 l&rsquo;APSAM peuvent b\u00e9n\u00e9ficier de subventions annuelles de fonctionnement de la Communaut\u00e9 fran\u00e7aise de Belgique \u00e0 condition toutefois de se conformer aux directives du \u00ab\u00a0Service de l&rsquo;Inspection\u00a0\u00bb d\u00e9finies ci-apr\u00e8s :<\/p>\n<p>a) les activit\u00e9s soci\u00e9taires doivent \u00eatre annonc\u00e9es pr\u00e9alablement \u00e0 leur d\u00e9roulement \u00e0 ce \u00ab\u00a0Service de l&rsquo;Inspection\u00a0\u00bb, rue Louvrex 46b, 4000 Li\u00e8ge\u00a0T\u00e9l. 04\/232 40 11 fax 04\/223 19 87;<\/p>\n<p>b) les soci\u00e9t\u00e9s doivent \u00e9tablir annuellement un dossier \u00ab\u00a0Demande de Subvention\u00a0\u00bb en triple exemplaire pour chaque p\u00e9riode du\u00a01er juillet de l&rsquo;ann\u00e9e pr\u00e9c\u00e9dente au 30 juin de l&rsquo;ann\u00e9e en cours; il est utile de savoir que le nombre des activit\u00e9s d\u00e9ploy\u00e9es doit \u00eatre au minimum de six (concerts, cort\u00e8ges, festivals, auditions, concours etc.).<\/p>\n<p>2. Elles peuvent obtenir \u00e9galement des interventions importantes du Minist\u00e8re et de la Province lors de l&rsquo;engagement de \u00ab\u00a0Groupes producteurs\u00a0\u00bb agr\u00e9\u00e9s par les \u00ab\u00a0Tourn\u00e9es Art et Vie\u00a0\u00bb; ces interventions se situent actuellement \u00e0 60% des cachets exig\u00e9s par ces ensembles musicaux.<\/p>\n<p>3. La soci\u00e9t\u00e9 affili\u00e9e \u00e0 l&rsquo;APSAM peut obtenir la reconnaissance comme \u00ab\u00a0Groupe producteur\u00a0\u00bb de ce m\u00eame service TAV (Tourn\u00e9es Art et Vie) en participant aux auditions musicales que l&rsquo;APSAM organise r\u00e9guli\u00e8rement en collaboration avec le \u00ab\u00a0Service de la Diffusion\u00a0\u00bb du Minist\u00e8re de la Culture et du service des \u00ab\u00a0Affaires Culturelles\u00a0\u00bb de la Province de Li\u00e8ge. Ces auditions musicales permettent aussi de jauger la maturit\u00e9 des divers ensembles sur le plan musical et, \u00e9ventuellement, leur classement respectif.<\/p>\n<p>4. Des contacts inter-soci\u00e9taires r\u00e9guliers et tr\u00e8s profitables sont \u00e9tablis lors des s\u00e9ances de travail, des assembl\u00e9es g\u00e9n\u00e9rales, des manifestations ordinaires et extraordinaires; en y participant, les soci\u00e9taires apprennent \u00e0 se conna\u00eetre, se respecter et s&rsquo;entraider.<\/p>\n<p>5. La soci\u00e9t\u00e9 per\u00e7oit une intervention non n\u00e9gligeable dans ses frais de d\u00e9placement si elle participe aux \u00ab Festival APSAM \u00bb, activit\u00e9s importantes et r\u00e9guli\u00e8res. Les subsides extraordinaires accord\u00e9s par les instances culturelles lors de l&rsquo;organisation de ces manifestations sont r\u00e9partis entre les soci\u00e9t\u00e9s participantes, proportionnellement d\u2019apr\u00e8s leurs frais de d\u00e9placement.<\/p>\n<p>6. Chaque ann\u00e9e, l&rsquo;APSAM d\u00e9signe l&rsquo;un ou l&rsquo;autre ensemble pour la repr\u00e9senter au \u00ab\u00a0Festival Musical U.S.M.\u00a0\u00bb dont l&rsquo;organisation incombe \u00e0 tour de r\u00f4le aux six f\u00e9d\u00e9rations musicales composant l\u2019Union des Soci\u00e9t\u00e9s Musicales; la tr\u00e9sorerie de l&rsquo;APSAM prend \u00e0 sa charge les frais de d\u00e9placement (autocar) s\u2019il s&rsquo;agit d\u2019une soci\u00e9t\u00e9 non agr\u00e9\u00e9e par les T.A.V. ou le quart du cachet quand l&rsquo;ensemble est un groupe producteur des T.A.V. lorsqu&rsquo;il est d\u00e9cid\u00e9 d&rsquo;envoyer une soci\u00e9t\u00e9 \u00e0 l&rsquo;\u00e9tranger pour repr\u00e9senter la f\u00e9d\u00e9ration \u00e0 un festival de l\u2019U.M.I., la tr\u00e9sorerie supporte la moiti\u00e9 des frais de d\u00e9placement (autocar).<\/p>\n<p>7. Une aide appr\u00e9ciable est accord\u00e9e \u00e0 la soci\u00e9t\u00e9 assurant l&rsquo;organisation locale d\u2019une manifestation \u00ab apsamienne \u00bb. Les droits d&rsquo;auteur sont support\u00e9s par la tr\u00e9sorerie APSAM qui se charge \u00e9galement d\u2019intervenir dans les frais de d\u00e9placement consentis par les organismes musicaux participants.<\/p>\n<p>8. L\u2019APSAM est \u00e9galement en mesure de procurer, sous r\u00e9serve de l\u2019acceptation du dossier par le Service Culture de la Province de Li\u00e8ge, des subventions extraordinaires \u00e0 ses soci\u00e9t\u00e9s pour des projets culturels ponctuels d\u2019envergure.<\/p>\n<p>9. L\u2019APSAM se soucie aussi de la formation artistique des membres de ses affili\u00e9es en organisant, de fa\u00e7on ponctuelle, des stages et s\u00e9minaires.<\/p>\n<p>10. Elle propose encore la souscription \u00e0 une assurance globale des membres effectifs en \u00ab\u00a0Responsabilit\u00e9 Civile \u00e0 l\u2019\u00e9gard des Tiers\u00a0\u00bb et contre les accidents corporels. La prime annuelle en est r\u00e9ellement modique, pour le moment 3,00 \u20ac par personne (non nominative). Le service \u00ab\u00a0ASSURANCES\u00a0\u00bb de l\u2019APSAM est \u00e0 la disposition des affili\u00e9es pour les d\u00e9tails de la couverture.<\/p>\n<p>13. L&rsquo;attribution de distinctions honorifiques s&rsquo;effectue sur simple demande adress\u00e9e au service \u00ab\u00a0Distinctions honorifiques\u00a0\u00bb de la f\u00e9d\u00e9ration. L\u2019APSAM d\u00e9cerne des m\u00e9dailles bronze, argent, or, vermeil et brillant pour respectivement 15, 25, 35, 50 et 60 ans de pratique musicale en tant qu\u2019amateur.<\/p>\n<p>Notre service est \u00e9galement en relation directe avec le Minist\u00e8re pour l\u2019octroi de distinctions honorifiques dans les ordres nationaux.<\/p>\n\n\n<p><\/p>\n","protected":false},"excerpt":{"rendered":"<p>1. Les soci\u00e9t\u00e9s musicales affili\u00e9es \u00e0 l&rsquo;APSAM peuvent b\u00e9n\u00e9ficier de subventions annuelles de fonctionnement de la Communaut\u00e9 fran\u00e7aise de Belgique \u00e0 condition toutefois de se conformer aux directives du \u00ab\u00a0Service de l&rsquo;Inspection\u00a0\u00bb d\u00e9finies ci-apr\u00e8s : a) les activit\u00e9s soci\u00e9taires doivent \u00eatre annonc\u00e9es pr\u00e9alablement \u00e0 leur d\u00e9roulement \u00e0 ce \u00ab\u00a0Service de l&rsquo;Inspection\u00a0\u00bb, rue Louvrex 46b, 4000 &#8230; <a title=\"Services\" class=\"read-more\" href=\"https:\/\/www.apsam.be\/?page_id=107\" aria-label=\"En savoir plus sur Services\">Lire la suite<\/a><\/p>\n","protected":false},"author":1,"featured_media":0,"parent":0,"menu_order":0,"comment_status":"closed","ping_status":"closed","template":"","meta":{"_exactmetrics_skip_tracking":false,"_exactmetrics_sitenote_active":false,"_exactmetrics_sitenote_note":"","_exactmetrics_sitenote_category":0},"_links":{"self":[{"href":"https:\/\/www.apsam.be\/index.php?rest_route=\/wp\/v2\/pages\/107"}],"collection":[{"href":"https:\/\/www.apsam.be\/index.php?rest_route=\/wp\/v2\/pages"}],"about":[{"href":"https:\/\/www.apsam.be\/index.php?rest_route=\/wp\/v2\/types\/page"}],"author":[{"embeddable":true,"href":"https:\/\/www.apsam.be\/index.php?rest_route=\/wp\/v2\/users\/1"}],"replies":[{"embeddable":true,"href":"https:\/\/www.apsam.be\/index.php?rest_route=%2Fwp%2Fv2%2Fcomments&post=107"}],"version-history":[{"count":2,"href":"https:\/\/www.apsam.be\/index.php?rest_route=\/wp\/v2\/pages\/107\/revisions"}],"predecessor-version":[{"id":480,"href":"https:\/\/www.apsam.be\/index.php?rest_route=\/wp\/v2\/pages\/107\/revisions\/480"}],"wp:attachment":[{"href":"https:\/\/www.apsam.be\/index.php?rest_route=%2Fwp%2Fv2%2Fmedia&parent=107"}],"curies":[{"name":"wp","href":"https:\/\/api.w.org\/{rel}","templated":true}]}}