{"id":1067,"date":"2023-01-30T20:10:38","date_gmt":"2023-01-30T19:10:38","guid":{"rendered":"https:\/\/www.apsam.be\/?page_id=1067"},"modified":"2023-03-07T14:42:26","modified_gmt":"2023-03-07T13:42:26","slug":"partotheque","status":"publish","type":"page","link":"https:\/\/www.apsam.be\/?page_id=1067","title":{"rendered":"Partoth\u00e8que"},"content":{"rendered":"\r\n<p>La Partoth\u00e8que APSAM, biblioth\u00e8que de partitions, est constitu\u00e9e\u00a0 de deux listes d\u2019\u0153uvres (instrumentales et vocales) mises \u00e0 disposition des associations qui adh\u00e8rent au projet.<\/p>\r\n<p>Le principe en est tr\u00e8s simple\u00a0:<\/p>\r\n<p>&#8211; l\u2019ensemble vocal ou instrumental qui souhaite utiliser la partoth\u00e8que APSAM fournit (sous la forme d\u2019un tableau Excel pr\u00e9cis avec <em>titre de l\u2019\u0153uvre, compositeur, arrangeur, \u00e9dition, type d&rsquo;ensemble instrumental\/vocal, niveau de difficult\u00e9<\/em>) une liste pr\u00e9cise de minimum 50 \u0153uvres qu\u2019il tient \u00e0 disposition;<\/p>\r\n<p>&#8211; l\u2019APSAM \u00a0liste et trie les donn\u00e9es re\u00e7ues dans une base de donn\u00e9es num\u00e9riques;<\/p>\r\n<p>&#8211; les affili\u00e9s APSAM (qui ont contribu\u00e9 \u00e0 l\u2019\u00e9laboration de cette base de donn\u00e9es) re\u00e7oivent un lien (avec \u00e9ventuellement un mot de passe) qui leur permet de consulter la partoth\u00e8que\u00a0;<\/p>\r\n<p>&#8211; les\u00a0 affili\u00e9s APSAM ayant contribu\u00e9 \u00e0 l\u2019\u00e9laboration de la base de donn\u00e9es et qui souhaitent emprunter des partitions figurant dans la partoth\u00e8que contactent personnellement les propri\u00e9taires de celles-ci afin de convenir des d\u00e9tails pratiques de \u00a0la mise \u00e0 disposition.<\/p>\r\n<p><a href=\"https:\/\/www.apsam.be\/?page_id=1078\">connexion<\/a><\/p>\r\n\r\n\r\n\r\n\r\n<p>&nbsp;<\/p>\n\r\n\r\n\r\n<p>&nbsp;<\/p>\r\n","protected":false},"excerpt":{"rendered":"<p>La Partoth\u00e8que APSAM, biblioth\u00e8que de partitions, est constitu\u00e9e\u00a0 de deux listes d\u2019\u0153uvres (instrumentales et vocales) mises \u00e0 disposition des associations qui adh\u00e8rent au projet. Le principe en est tr\u00e8s simple\u00a0: &#8211; l\u2019ensemble vocal ou instrumental qui souhaite utiliser la partoth\u00e8que APSAM fournit (sous la forme d\u2019un tableau Excel pr\u00e9cis avec titre de l\u2019\u0153uvre, compositeur, arrangeur, &#8230; <a title=\"Partoth\u00e8que\" class=\"read-more\" href=\"https:\/\/www.apsam.be\/?page_id=1067\" aria-label=\"En savoir plus sur Partoth\u00e8que\">Lire la suite<\/a><\/p>\n","protected":false},"author":1,"featured_media":0,"parent":107,"menu_order":0,"comment_status":"closed","ping_status":"closed","template":"","meta":{"_exactmetrics_skip_tracking":false,"_exactmetrics_sitenote_active":false,"_exactmetrics_sitenote_note":"","_exactmetrics_sitenote_category":0},"_links":{"self":[{"href":"https:\/\/www.apsam.be\/index.php?rest_route=\/wp\/v2\/pages\/1067"}],"collection":[{"href":"https:\/\/www.apsam.be\/index.php?rest_route=\/wp\/v2\/pages"}],"about":[{"href":"https:\/\/www.apsam.be\/index.php?rest_route=\/wp\/v2\/types\/page"}],"author":[{"embeddable":true,"href":"https:\/\/www.apsam.be\/index.php?rest_route=\/wp\/v2\/users\/1"}],"replies":[{"embeddable":true,"href":"https:\/\/www.apsam.be\/index.php?rest_route=%2Fwp%2Fv2%2Fcomments&post=1067"}],"version-history":[{"count":7,"href":"https:\/\/www.apsam.be\/index.php?rest_route=\/wp\/v2\/pages\/1067\/revisions"}],"predecessor-version":[{"id":1101,"href":"https:\/\/www.apsam.be\/index.php?rest_route=\/wp\/v2\/pages\/1067\/revisions\/1101"}],"up":[{"embeddable":true,"href":"https:\/\/www.apsam.be\/index.php?rest_route=\/wp\/v2\/pages\/107"}],"wp:attachment":[{"href":"https:\/\/www.apsam.be\/index.php?rest_route=%2Fwp%2Fv2%2Fmedia&parent=1067"}],"curies":[{"name":"wp","href":"https:\/\/api.w.org\/{rel}","templated":true}]}}